{"id":2739,"date":"2025-09-04T10:55:41","date_gmt":"2025-09-04T08:55:41","guid":{"rendered":"https:\/\/www.skcak.sk\/?page_id=2739"},"modified":"2025-09-04T10:59:58","modified_gmt":"2025-09-04T08:59:58","slug":"granty-erasmus","status":"publish","type":"page","link":"https:\/\/www.skcak.sk\/index.php\/granty-erasmus\/","title":{"rendered":"granty-erasmus+"},"content":{"rendered":"<p>[et_pb_section fb_built=&#8220;1&#8243; admin_label=&#8220;section&#8220; _builder_version=&#8220;4.16&#8243; global_colors_info=&#8220;{}&#8220; theme_builder_area=&#8220;post_content&#8220;][et_pb_row admin_label=&#8220;row&#8220; _builder_version=&#8220;4.16&#8243; background_size=&#8220;initial&#8220; background_position=&#8220;top_left&#8220; background_repeat=&#8220;repeat&#8220; global_colors_info=&#8220;{}&#8220; theme_builder_area=&#8220;post_content&#8220;][et_pb_column type=&#8220;4_4&#8243; _builder_version=&#8220;4.16&#8243; custom_padding=&#8220;|||&#8220; global_colors_info=&#8220;{}&#8220; custom_padding__hover=&#8220;|||&#8220; theme_builder_area=&#8220;post_content&#8220;][et_pb_text admin_label=&#8220;Text&#8220; _builder_version=&#8220;4.27.4&#8243; background_size=&#8220;initial&#8220; background_position=&#8220;top_left&#8220; background_repeat=&#8220;repeat&#8220; hover_enabled=&#8220;0&#8243; global_colors_info=&#8220;{}&#8220; theme_builder_area=&#8220;post_content&#8220; sticky_enabled=&#8220;0&#8243;]<\/p>\n<h2><strong>Erasmus+<\/strong><\/h2>\n<h3>\u00a0<\/h3>\n<h3><strong>ROK 2025<\/strong><\/h3>\n<table style=\"height: 184px; width: 100%; border-collapse: separate; border-style: double; border-color: #000000;\" border=\"1\">\n<tbody>\n<tr style=\"height: 23px;\">\n<td style=\"width: 33.3333%; text-align: center; height: 23px;\"><strong>N\u00e1zov projektu<\/strong><\/td>\n<td style=\"width: 33.3333%; text-align: center; height: 23px;\"><strong>\u010d\u00edslo zmluvy<\/strong><\/td>\n<td style=\"width: 33.3333%; text-align: center; height: 23px;\"><strong>Pridelen\u00e1 finan\u010dn\u00e1 podpora<\/strong><\/td>\n<\/tr>\n<tr style=\"height: 23px;\">\n<td style=\"width: 33.3333%; text-align: center; height: 23px;\">\u00a0<\/td>\n<td style=\"width: 33.3333%; text-align: center; height: 23px;\">\u00a0<\/td>\n<td style=\"width: 33.3333%; text-align: center; height: 23px;\">\u00a0<\/td>\n<\/tr>\n<tr style=\"height: 23px;\">\n<td style=\"width: 33.3333%; text-align: center; height: 23px;\">\u00a0<\/td>\n<td style=\"width: 33.3333%; text-align: center; height: 23px;\">\u00a0<\/td>\n<td style=\"width: 33.3333%; text-align: center; height: 23px;\">\u00a0<\/td>\n<\/tr>\n<tr style=\"height: 23px;\">\n<td style=\"width: 33.3333%; text-align: center; height: 23px;\">\u00a0<\/td>\n<td style=\"width: 33.3333%; text-align: center; height: 23px;\">\u00a0<\/td>\n<td style=\"width: 33.3333%; text-align: center; height: 23px;\">\u00a0<\/td>\n<\/tr>\n<tr style=\"height: 23px;\">\n<td style=\"width: 33.3333%; text-align: center; height: 23px;\">\u00a0<\/td>\n<td style=\"width: 33.3333%; text-align: center; height: 23px;\">\u00a0<\/td>\n<td style=\"width: 33.3333%; text-align: center; height: 23px;\">\u00a0<\/td>\n<\/tr>\n<tr style=\"height: 23px;\">\n<td style=\"width: 33.3333%; text-align: center; height: 23px;\">\u00a0<\/td>\n<td style=\"width: 33.3333%; text-align: center; height: 23px;\">\u00a0<\/td>\n<td style=\"width: 33.3333%; text-align: center; height: 23px;\">\u00a0<\/td>\n<\/tr>\n<tr style=\"height: 23px;\">\n<td style=\"width: 33.3333%; text-align: center; height: 23px;\">\u00a0<\/td>\n<td style=\"width: 33.3333%; text-align: center; height: 23px;\">\u00a0<\/td>\n<td style=\"width: 33.3333%; text-align: center; height: 23px;\">\u00a0<\/td>\n<\/tr>\n<tr style=\"height: 23px;\">\n<td style=\"width: 33.3333%; text-align: center; height: 23px;\">\u00a0<\/td>\n<td style=\"width: 33.3333%; text-align: center; height: 23px;\">\u00a0<\/td>\n<td style=\"width: 33.3333%; text-align: center; height: 23px;\">\u00a0<\/td>\n<\/tr>\n<\/tbody>\n<\/table>\n<p>&nbsp;<\/p>\n<p>[\/et_pb_text][\/et_pb_column][\/et_pb_row][\/et_pb_section]<\/p>\n","protected":false},"excerpt":{"rendered":"<p>Erasmus+ \u00a0 ROK 2025 N\u00e1zov projektu \u010d\u00edslo zmluvy Pridelen\u00e1 finan\u010dn\u00e1 podpora \u00a0 \u00a0 \u00a0 \u00a0 \u00a0 \u00a0 \u00a0 \u00a0 \u00a0 \u00a0 \u00a0 \u00a0 \u00a0 \u00a0 \u00a0 \u00a0 \u00a0 \u00a0 \u00a0 \u00a0 \u00a0 &nbsp;<\/p>\n","protected":false},"author":4,"featured_media":0,"parent":0,"menu_order":0,"comment_status":"closed","ping_status":"closed","template":"","meta":{"_et_pb_use_builder":"on","_et_pb_old_content":"","_et_gb_content_width":"","footnotes":""},"class_list":["post-2739","page","type-page","status-publish","hentry"],"_links":{"self":[{"href":"https:\/\/www.skcak.sk\/index.php\/wp-json\/wp\/v2\/pages\/2739","targetHints":{"allow":["GET"]}}],"collection":[{"href":"https:\/\/www.skcak.sk\/index.php\/wp-json\/wp\/v2\/pages"}],"about":[{"href":"https:\/\/www.skcak.sk\/index.php\/wp-json\/wp\/v2\/types\/page"}],"author":[{"embeddable":true,"href":"https:\/\/www.skcak.sk\/index.php\/wp-json\/wp\/v2\/users\/4"}],"replies":[{"embeddable":true,"href":"https:\/\/www.skcak.sk\/index.php\/wp-json\/wp\/v2\/comments?post=2739"}],"version-history":[{"count":3,"href":"https:\/\/www.skcak.sk\/index.php\/wp-json\/wp\/v2\/pages\/2739\/revisions"}],"predecessor-version":[{"id":2743,"href":"https:\/\/www.skcak.sk\/index.php\/wp-json\/wp\/v2\/pages\/2739\/revisions\/2743"}],"wp:attachment":[{"href":"https:\/\/www.skcak.sk\/index.php\/wp-json\/wp\/v2\/media?parent=2739"}],"curies":[{"name":"wp","href":"https:\/\/api.w.org\/{rel}","templated":true}]}}